{"id":704,"date":"2023-01-18T15:17:04","date_gmt":"2023-01-18T15:17:04","guid":{"rendered":"https:\/\/polimovel.pt\/?page_id=704"},"modified":"2025-02-22T02:57:42","modified_gmt":"2025-02-22T02:57:42","slug":"presentation","status":"publish","type":"page","link":"https:\/\/polimovel.pt\/en\/about\/presentation\/","title":{"rendered":"Presentation"},"content":{"rendered":"<p>Selling furniture for 80 Years!<!--more--><br \/>\n<a href=\"https:\/\/polimovel.pt\/wp-content\/uploads\/polimovel_quem_somos.jpg\"><img decoding=\"async\" loading=\"lazy\" class=\"circle alignright wp-image-21088\" src=\"https:\/\/polimovel.pt\/wp-content\/uploads\/polimovel_quem_somos.jpg\" alt=\"Quem somos\" width=\"416\" height=\"416\" srcset=\"https:\/\/polimovel.pt\/wp-content\/uploads\/polimovel_quem_somos.jpg 676w, https:\/\/polimovel.pt\/wp-content\/uploads\/polimovel_quem_somos-600x600.jpg 600w, https:\/\/polimovel.pt\/wp-content\/uploads\/polimovel_quem_somos-100x100.jpg 100w\" sizes=\"(max-width: 416px) 100vw, 416px\" \/><\/a><\/p>\n<h3>Selling furniture for 80 Years!<\/h3>\n<p>Welcome to the Polim\u00f3vel website. We are Polim\u00f3vel Decora\u00e7\u00f5es Lda., founded on 8 July 1942.<\/p>\n<h4>Our Product Catalog<\/h4>\n<p>Customers will find a large catalogue of furniture and sofas on this site, including:<\/p>\n<table>\n<tbody>\n<tr>\n<td><a href=\"https:\/\/polimovel.pt\/en\/cat\/sofas-en\/\">Sofas, Maples and Armchairs<\/a><\/td>\n<td><a href=\"https:\/\/polimovel.pt\/en\/cat\/divan-beds-bedsteads-bases\/\">Divan Beds, Ottoman Beds and Bases<\/a><\/td>\n<\/tr>\n<tr>\n<td><a href=\"https:\/\/polimovel.pt\/en\/cat\/double-rooms\/\">Double Rooms<\/a><\/td>\n<td><a href=\"https:\/\/polimovel.pt\/en\/cat\/single-and-junior-rooms\/\">Single and Junior Rooms<\/a><\/td>\n<\/tr>\n<tr>\n<td><a href=\"https:\/\/polimovel.pt\/en\/cat\/double-beds\/\">Double Beds<\/a><\/td>\n<td><a href=\"https:\/\/polimovel.pt\/en\/cat\/single-beds\/\">Single Beds<\/a><\/td>\n<\/tr>\n<tr>\n<td><a href=\"https:\/\/polimovel.pt\/en\/cat\/dining-rooms\/\">Dining Rooms<\/a><\/td>\n<td><a href=\"https:\/\/polimovel.pt\/en\/cat\/living-rooms\/\">Living Rooms<\/a><\/td>\n<\/tr>\n<tr>\n<td><a href=\"https:\/\/polimovel.pt\/en\/cat\/adjustable-fixed-bed-frames\/\">Adjustable and Fixed Bed Frames<\/a><\/td>\n<td><a href=\"https:\/\/polimovel.pt\/en\/cat\/headboards\/\">Headboards<\/a><\/td>\n<\/tr>\n<tr>\n<td><a href=\"https:\/\/polimovel.pt\/en\/cat\/chests-of-drawers-and-dressers\/\">Dressers and Chests<br \/>\n<\/a><\/td>\n<td><a href=\"https:\/\/polimovel.pt\/en\/cat\/bookshelves-shelves\/\">Bookshelves and Shelves<\/a><\/td>\n<\/tr>\n<\/tbody>\n<\/table>\n<p>We have the top brands, including\u00a0<a href=\"https:\/\/polimovel.pt\/en\/tag\/brand-colunex\/\">Colunex<\/a>, <a href=\"https:\/\/polimovel.pt\/en\/tag\/brand-divano\/\">Divano Dreams<\/a>, <a href=\"https:\/\/polimovel.pt\/en\/tag\/brand-lamalit\/\">Lamalit<\/a>, <a href=\"https:\/\/polimovel.pt\/en\/tag\/brand-lourini\/\">Lourini<\/a>, <a href=\"https:\/\/polimovel.pt\/en\/tag\/brand-lusocolchao\/\">Lusocolch\u00e3o<\/a>, <a href=\"https:\/\/polimovel.pt\/en\/tag\/brand-mayor\/\">Mayor<\/a>, <a href=\"https:\/\/polimovel.pt\/en\/tag\/brand-mindol\/\">Mindol<\/a>,\u00a0<a href=\"https:\/\/polimovel.pt\/en\/tag\/brand-molaflex\/\">Molaflex<\/a>, <a href=\"https:\/\/polimovel.pt\/en\/tag\/brand-ns\/\">NS Mobili\u00e1rio<\/a>, <a href=\"https:\/\/polimovel.pt\/en\/tag\/brand-pikolin\/\">Pikolin<\/a>, <a href=\"https:\/\/polimovel.pt\/en\/tag\/brand-sofamovel\/\">Sofamovel<\/a> e <a href=\"https:\/\/polimovel.pt\/en\/tag\/brand-torresol\/\">Torresol<\/a>.<\/p>\n<p>Polim\u00f3vel aims to provide customers with a tailored and individual service, providing you the best furniture. You are very welcome to visit our <a href=\"https:\/\/polimovel.pt\/en\/stores\/\">furniture shops in Lisbon<\/a> and give our products a look.<\/p>\n<p>Our business number is PT 500 551 928.<\/p>\n<div id='gallery-1' class='gallery galleryid-704 gallery-columns-3 gallery-size-thumbnail'><figure class='gallery-item'>\n\t\t\t<div class='gallery-icon landscape'>\n\t\t\t\t<a href='https:\/\/polimovel.pt\/en\/polimovel3\/'><img width=\"600\" height=\"600\" src=\"https:\/\/polimovel.pt\/wp-content\/uploads\/polimovel3-600x600.jpg\" class=\"attachment-thumbnail size-thumbnail\" alt=\"\" decoding=\"async\" loading=\"lazy\" srcset=\"https:\/\/polimovel.pt\/wp-content\/uploads\/polimovel3-600x600.jpg 600w, https:\/\/polimovel.pt\/wp-content\/uploads\/polimovel3-800x800.jpg 800w, https:\/\/polimovel.pt\/wp-content\/uploads\/polimovel3-100x100.jpg 100w\" sizes=\"(max-width: 600px) 100vw, 600px\" \/><\/a>\n\t\t\t<\/div><\/figure>\n\t\t<\/div>\n\n","protected":false},"excerpt":{"rendered":"<p>Selling furniture for 80 Years!<\/p>\n","protected":false},"author":1,"featured_media":39314,"parent":20933,"menu_order":0,"comment_status":"closed","ping_status":"closed","template":"","meta":{"footnotes":""},"acf":[],"_links":{"self":[{"href":"https:\/\/polimovel.pt\/en\/wp-json\/wp\/v2\/pages\/704"}],"collection":[{"href":"https:\/\/polimovel.pt\/en\/wp-json\/wp\/v2\/pages"}],"about":[{"href":"https:\/\/polimovel.pt\/en\/wp-json\/wp\/v2\/types\/page"}],"author":[{"embeddable":true,"href":"https:\/\/polimovel.pt\/en\/wp-json\/wp\/v2\/users\/1"}],"replies":[{"embeddable":true,"href":"https:\/\/polimovel.pt\/en\/wp-json\/wp\/v2\/comments?post=704"}],"version-history":[{"count":10,"href":"https:\/\/polimovel.pt\/en\/wp-json\/wp\/v2\/pages\/704\/revisions"}],"predecessor-version":[{"id":40101,"href":"https:\/\/polimovel.pt\/en\/wp-json\/wp\/v2\/pages\/704\/revisions\/40101"}],"up":[{"embeddable":true,"href":"https:\/\/polimovel.pt\/en\/wp-json\/wp\/v2\/pages\/20933"}],"wp:featuredmedia":[{"embeddable":true,"href":"https:\/\/polimovel.pt\/en\/wp-json\/wp\/v2\/media\/39314"}],"wp:attachment":[{"href":"https:\/\/polimovel.pt\/en\/wp-json\/wp\/v2\/media?parent=704"}],"curies":[{"name":"wp","href":"https:\/\/api.w.org\/{rel}","templated":true}]}}